{"id":9,"date":"2025-08-19T07:56:16","date_gmt":"2025-08-19T10:56:16","guid":{"rendered":"https:\/\/silviscan.com.br\/?page_id=9"},"modified":"2025-08-19T13:49:24","modified_gmt":"2025-08-19T16:49:24","slug":"silviscan-monitoramento-inteligente","status":"publish","type":"page","link":"https:\/\/silviscan.com.br\/","title":{"rendered":"In\u00edcio"},"content":{"rendered":"\t\t<div data-elementor-type=\"wp-page\" data-elementor-id=\"9\" class=\"elementor elementor-9\">\n\t\t\t\t<div class=\"elementor-element elementor-element-c437f07 e-flex e-con-boxed e-con e-parent\" data-id=\"c437f07\" data-element_type=\"container\" data-settings=\"{&quot;background_background&quot;:&quot;classic&quot;}\">\n\t\t\t\t\t<div class=\"e-con-inner\">\n\t\t<div class=\"elementor-element elementor-element-8c521a5 e-con-full e-flex e-con e-child\" data-id=\"8c521a5\" data-element_type=\"container\">\n\t\t\t\t<div class=\"elementor-element elementor-element-7daca92 elementor-widget elementor-widget-heading\" data-id=\"7daca92\" data-element_type=\"widget\" data-widget_type=\"heading.default\">\n\t\t\t\t\t<h2 class=\"elementor-heading-title elementor-size-default\">Precis\u00e3o que transforma a silvicultura.<\/h2>\t\t\t\t<\/div>\n\t\t\t\t<div class=\"elementor-element elementor-element-7c93575 elementor-widget elementor-widget-text-editor\" data-id=\"7c93575\" data-element_type=\"widget\" data-widget_type=\"text-editor.default\">\n\t\t\t\t\t\t\t\t\t<p>Monitoramento inteligente de mudas com vis\u00e3o computacional e IA.<\/p>\t\t\t\t\t\t\t\t<\/div>\n\t\t\t\t<div class=\"elementor-element elementor-element-397ba62 elementor-mobile-align-center elementor-widget elementor-widget-button\" data-id=\"397ba62\" data-element_type=\"widget\" data-widget_type=\"button.default\">\n\t\t\t\t\t\t\t\t\t\t<a class=\"elementor-button elementor-button-link elementor-size-sm\" href=\"https:\/\/wa.me\/5511943573074?text=Ol%C3%A1%2C%20gostaria%20de%20saber%20mais%20sobre%20o%20produto%20Silviscan.\">\n\t\t\t\t\t\t<span class=\"elementor-button-content-wrapper\">\n\t\t\t\t\t\t\t\t\t<span class=\"elementor-button-text\">Quero saber mais<\/span>\n\t\t\t\t\t<\/span>\n\t\t\t\t\t<\/a>\n\t\t\t\t\t\t\t\t<\/div>\n\t\t\t\t<\/div>\n\t\t<div class=\"elementor-element elementor-element-79c3946 e-con-full e-flex e-con e-child\" data-id=\"79c3946\" data-element_type=\"container\">\n\t\t\t\t<\/div>\n\t\t\t\t\t<\/div>\n\t\t\t\t<\/div>\n\t\t<div class=\"elementor-element elementor-element-3506cf1 e-flex e-con-boxed e-con e-parent\" data-id=\"3506cf1\" data-element_type=\"container\">\n\t\t\t\t\t<div class=\"e-con-inner\">\n\t\t\t\t<div class=\"elementor-element elementor-element-18cfe41 elementor-widget elementor-widget-video\" data-id=\"18cfe41\" data-element_type=\"widget\" data-settings=\"{&quot;youtube_url&quot;:&quot;https:\\\/\\\/youtu.be\\\/YbI50EVRAV4?si=NjE95AYsiZUx7eyO&quot;,&quot;loop&quot;:&quot;yes&quot;,&quot;show_image_overlay&quot;:&quot;yes&quot;,&quot;image_overlay&quot;:{&quot;url&quot;:&quot;https:\\\/\\\/silviscan.com.br\\\/wp-content\\\/uploads\\\/2025\\\/08\\\/thumb-copiar.jpg&quot;,&quot;id&quot;:93,&quot;size&quot;:&quot;&quot;,&quot;alt&quot;:&quot;&quot;,&quot;source&quot;:&quot;library&quot;},&quot;video_type&quot;:&quot;youtube&quot;,&quot;controls&quot;:&quot;yes&quot;}\" data-widget_type=\"video.default\">\n\t\t\t\t\t\t\t<div class=\"elementor-wrapper elementor-open-inline\">\n\t\t\t<div class=\"elementor-video\"><\/div>\t\t\t\t<div class=\"elementor-custom-embed-image-overlay\" style=\"background-image: url(https:\/\/silviscan.com.br\/wp-content\/uploads\/2025\/08\/thumb-copiar.jpg);\">\n\t\t\t\t\t\t\t\t\t\t\t\t\t\t\t\t<div class=\"elementor-custom-embed-play\" role=\"button\" aria-label=\"Reproduzir v\u00eddeo\" tabindex=\"0\">\n\t\t\t\t\t\t\t<svg aria-hidden=\"true\" class=\"e-font-icon-svg e-eicon-play\" viewBox=\"0 0 1000 1000\" xmlns=\"http:\/\/www.w3.org\/2000\/svg\"><path d=\"M838 162C746 71 633 25 500 25 371 25 258 71 163 162 71 254 25 367 25 500 25 633 71 746 163 837 254 929 367 979 500 979 633 979 746 933 838 837 929 746 975 633 975 500 975 367 929 254 838 162M808 192C892 279 933 379 933 500 933 621 892 725 808 808 725 892 621 938 500 938 379 938 279 896 196 808 113 725 67 621 67 500 67 379 108 279 196 192 279 108 383 62 500 62 621 62 721 108 808 192M438 392V642L642 517 438 392Z\"><\/path><\/svg>\t\t\t\t\t\t<\/div>\n\t\t\t\t\t\t\t\t\t<\/div>\n\t\t\t\t\t<\/div>\n\t\t\t\t\t\t<\/div>\n\t\t\t\t\t<\/div>\n\t\t\t\t<\/div>\n\t\t<div class=\"elementor-element elementor-element-31037c9 e-flex e-con-boxed e-con e-parent\" data-id=\"31037c9\" data-element_type=\"container\">\n\t\t\t\t\t<div class=\"e-con-inner\">\n\t\t\t\t<div class=\"elementor-element elementor-element-0949f0e elementor-mobile-align-center elementor-widget elementor-widget-button\" data-id=\"0949f0e\" data-element_type=\"widget\" data-widget_type=\"button.default\">\n\t\t\t\t\t\t\t\t\t\t<a class=\"elementor-button elementor-button-link elementor-size-sm\" href=\"https:\/\/wa.me\/5511943573074?text=Ol%C3%A1%2C%20gostaria%20de%20saber%20mais%20sobre%20o%20produto%20Silviscan.\">\n\t\t\t\t\t\t<span class=\"elementor-button-content-wrapper\">\n\t\t\t\t\t\t\t\t\t<span class=\"elementor-button-text\">Quero saber mais<\/span>\n\t\t\t\t\t<\/span>\n\t\t\t\t\t<\/a>\n\t\t\t\t\t\t\t\t<\/div>\n\t\t\t\t\t<\/div>\n\t\t\t\t<\/div>\n\t\t<div class=\"elementor-element elementor-element-61666f1 e-flex e-con-boxed e-con e-parent\" data-id=\"61666f1\" data-element_type=\"container\" data-settings=\"{&quot;background_background&quot;:&quot;classic&quot;}\">\n\t\t\t\t\t<div class=\"e-con-inner\">\n\t\t<div class=\"elementor-element elementor-element-f6493b2 e-con-full e-flex e-con e-child\" data-id=\"f6493b2\" data-element_type=\"container\">\n\t\t\t\t<div class=\"elementor-element elementor-element-0de14c6 elementor-widget elementor-widget-menu-anchor\" data-id=\"0de14c6\" data-element_type=\"widget\" data-widget_type=\"menu-anchor.default\">\n\t\t\t\t\t\t\t<div class=\"elementor-menu-anchor\" id=\"produto\"><\/div>\n\t\t\t\t\t\t<\/div>\n\t\t\t\t<div class=\"elementor-element elementor-element-2ba45cf elementor-widget elementor-widget-heading\" data-id=\"2ba45cf\" data-element_type=\"widget\" data-widget_type=\"heading.default\">\n\t\t\t\t\t<h2 class=\"elementor-heading-title elementor-size-default\">Sobre o Produto<\/h2>\t\t\t\t<\/div>\n\t\t\t\t<div class=\"elementor-element elementor-element-711a57c elementor-widget elementor-widget-text-editor\" data-id=\"711a57c\" data-element_type=\"widget\" data-widget_type=\"text-editor.default\">\n\t\t\t\t\t\t\t\t\t<p>O SilviScan \u00e9 um sistema inovador desenvolvido para transformar o monitoramento florestal em decis\u00f5es r\u00e1pidas, precisas e estrat\u00e9gicas. Por meio da an\u00e1lise de imagens a\u00e9reas, a solu\u00e7\u00e3o identifica automaticamente a situa\u00e7\u00e3o de cada muda no plantio, oferecendo um diagn\u00f3stico confi\u00e1vel para orientar o manejo.<\/p>\t\t\t\t\t\t\t\t<\/div>\n\t\t\t\t<div class=\"elementor-element elementor-element-b87279e elementor-mobile-align-center elementor-widget elementor-widget-button\" data-id=\"b87279e\" data-element_type=\"widget\" data-widget_type=\"button.default\">\n\t\t\t\t\t\t\t\t\t\t<a class=\"elementor-button elementor-button-link elementor-size-sm\" href=\"https:\/\/wa.me\/5511943573074?text=Ol%C3%A1%2C%20gostaria%20de%20saber%20mais%20sobre%20o%20produto%20Silviscan.\">\n\t\t\t\t\t\t<span class=\"elementor-button-content-wrapper\">\n\t\t\t\t\t\t\t\t\t<span class=\"elementor-button-text\">Quero saber mais<\/span>\n\t\t\t\t\t<\/span>\n\t\t\t\t\t<\/a>\n\t\t\t\t\t\t\t\t<\/div>\n\t\t\t\t<\/div>\n\t\t<div class=\"elementor-element elementor-element-2012116 e-con-full e-flex e-con e-child\" data-id=\"2012116\" data-element_type=\"container\">\n\t\t\t\t<div class=\"elementor-element elementor-element-3114c5e elementor-widget elementor-widget-image\" data-id=\"3114c5e\" data-element_type=\"widget\" data-widget_type=\"image.default\">\n\t\t\t\t\t\t\t\t\t\t\t\t\t\t\t<img fetchpriority=\"high\" decoding=\"async\" width=\"800\" height=\"451\" src=\"https:\/\/silviscan.com.br\/wp-content\/uploads\/2025\/08\/djim350_1_png-1.png\" class=\"attachment-large size-large wp-image-163\" alt=\"\" \/>\t\t\t\t\t\t\t\t\t\t\t\t\t\t\t<\/div>\n\t\t\t\t<\/div>\n\t\t\t\t\t<\/div>\n\t\t\t\t<\/div>\n\t\t<div class=\"elementor-element elementor-element-c0d19bf e-flex e-con-boxed e-con e-parent\" data-id=\"c0d19bf\" data-element_type=\"container\" data-settings=\"{&quot;background_background&quot;:&quot;classic&quot;}\">\n\t\t\t\t\t<div class=\"e-con-inner\">\n\t\t<div class=\"elementor-element elementor-element-cdba975 e-con-full e-flex e-con e-child\" data-id=\"cdba975\" data-element_type=\"container\">\n\t\t\t\t<div class=\"elementor-element elementor-element-20a331a elementor-widget elementor-widget-menu-anchor\" data-id=\"20a331a\" data-element_type=\"widget\" data-widget_type=\"menu-anchor.default\">\n\t\t\t\t\t\t\t<div class=\"elementor-menu-anchor\" id=\"quemsomos\"><\/div>\n\t\t\t\t\t\t<\/div>\n\t\t\t\t<div class=\"elementor-element elementor-element-5d327ca elementor-widget elementor-widget-heading\" data-id=\"5d327ca\" data-element_type=\"widget\" data-widget_type=\"heading.default\">\n\t\t\t\t\t<h2 class=\"elementor-heading-title elementor-size-default\">Principais\nDiferenciais<\/h2>\t\t\t\t<\/div>\n\t\t\t\t<div class=\"elementor-element elementor-element-1d88dd1 elementor-widget elementor-widget-text-editor\" data-id=\"1d88dd1\" data-element_type=\"widget\" data-widget_type=\"text-editor.default\">\n\t\t\t\t\t\t\t\t\t<p>Mais do que monitorar, o SilviScan nasceu do prop\u00f3sito da Spectrum: unir tecnologia e sustentabilidade para transformar a gest\u00e3o florestal.<\/p><p>A solu\u00e7\u00e3o foi criada para atender um dos maiores desafios da silvicultura moderna \u2014 garantir produtividade e uniformidade, reduzindo perdas e aumentando a efici\u00eancia no replantio.<\/p>\t\t\t\t\t\t\t\t<\/div>\n\t\t\t\t<div class=\"elementor-element elementor-element-6d212a5 elementor-mobile-align-center elementor-widget elementor-widget-button\" data-id=\"6d212a5\" data-element_type=\"widget\" data-widget_type=\"button.default\">\n\t\t\t\t\t\t\t\t\t\t<a class=\"elementor-button elementor-button-link elementor-size-sm\" href=\"https:\/\/wa.me\/5511943573074?text=Ol%C3%A1%2C%20gostaria%20de%20saber%20mais%20sobre%20o%20produto%20Silviscan.\">\n\t\t\t\t\t\t<span class=\"elementor-button-content-wrapper\">\n\t\t\t\t\t\t\t\t\t<span class=\"elementor-button-text\">Quero saber mais<\/span>\n\t\t\t\t\t<\/span>\n\t\t\t\t\t<\/a>\n\t\t\t\t\t\t\t\t<\/div>\n\t\t\t\t<\/div>\n\t\t<div class=\"elementor-element elementor-element-07517ce e-con-full e-flex e-con e-child\" data-id=\"07517ce\" data-element_type=\"container\">\n\t\t\t\t<div class=\"elementor-element elementor-element-eb0cf70 elementor-widget elementor-widget-image\" data-id=\"eb0cf70\" data-element_type=\"widget\" data-widget_type=\"image.default\">\n\t\t\t\t\t\t\t\t\t\t\t\t\t\t\t<img decoding=\"async\" width=\"804\" height=\"788\" src=\"https:\/\/silviscan.com.br\/wp-content\/uploads\/2025\/08\/image-diferencial.png\" class=\"attachment-full size-full wp-image-122\" alt=\"\" \/>\t\t\t\t\t\t\t\t\t\t\t\t\t\t\t<\/div>\n\t\t\t\t<\/div>\n\t\t\t\t\t<\/div>\n\t\t\t\t<\/div>\n\t\t<div class=\"elementor-element elementor-element-9647b82 e-flex e-con-boxed e-con e-parent\" data-id=\"9647b82\" data-element_type=\"container\" data-settings=\"{&quot;background_background&quot;:&quot;classic&quot;}\">\n\t\t\t\t\t<div class=\"e-con-inner\">\n\t\t<div class=\"elementor-element elementor-element-212c853 e-con-full e-flex e-con e-child\" data-id=\"212c853\" data-element_type=\"container\">\n\t\t\t\t<div class=\"elementor-element elementor-element-82b0026 elementor-widget elementor-widget-heading\" data-id=\"82b0026\" data-element_type=\"widget\" data-widget_type=\"heading.default\">\n\t\t\t\t\t<h2 class=\"elementor-heading-title elementor-size-default\">Como Funciona<\/h2>\t\t\t\t<\/div>\n\t\t\t\t<div class=\"elementor-element elementor-element-9e7e7e7 elementor-widget elementor-widget-text-editor\" data-id=\"9e7e7e7\" data-element_type=\"widget\" data-widget_type=\"text-editor.default\">\n\t\t\t\t\t\t\t\t\t<p>O SilviScan foi desenvolvido para transformar a complexidade do monitoramento florestal em um processo simples, \u00e1gil e confi\u00e1vel.<\/p><p>Por meio de um fluxo integrado de tecnologia e intelig\u00eancia de dados, o sistema acompanha cada muda desde a captura das imagens at\u00e9 a gera\u00e7\u00e3o de recomenda\u00e7\u00f5es pr\u00e1ticas para o replantio.<\/p><p>Em apenas quatro etapas, voc\u00ea obt\u00e9m uma vis\u00e3o completa da situa\u00e7\u00e3o do campo e direciona suas decis\u00f5es com muito mais precis\u00e3o e efici\u00eancia.<\/p>\t\t\t\t\t\t\t\t<\/div>\n\t\t\t\t<div class=\"elementor-element elementor-element-cf1125a elementor-mobile-align-center elementor-widget elementor-widget-button\" data-id=\"cf1125a\" data-element_type=\"widget\" data-widget_type=\"button.default\">\n\t\t\t\t\t\t\t\t\t\t<a class=\"elementor-button elementor-button-link elementor-size-sm\" href=\"https:\/\/wa.me\/5511943573074?text=Ol%C3%A1%2C%20gostaria%20de%20saber%20mais%20sobre%20o%20produto%20Silviscan.\">\n\t\t\t\t\t\t<span class=\"elementor-button-content-wrapper\">\n\t\t\t\t\t\t\t\t\t<span class=\"elementor-button-text\">Quero saber mais<\/span>\n\t\t\t\t\t<\/span>\n\t\t\t\t\t<\/a>\n\t\t\t\t\t\t\t\t<\/div>\n\t\t\t\t<\/div>\n\t\t<div class=\"elementor-element elementor-element-38183ed e-con-full e-flex e-con e-child\" data-id=\"38183ed\" data-element_type=\"container\">\n\t\t\t\t<div class=\"elementor-element elementor-element-0ff80d5 elementor-widget elementor-widget-image\" data-id=\"0ff80d5\" data-element_type=\"widget\" data-widget_type=\"image.default\">\n\t\t\t\t\t\t\t\t\t\t\t\t\t\t\t<img decoding=\"async\" width=\"530\" height=\"581\" src=\"https:\/\/silviscan.com.br\/wp-content\/uploads\/2025\/08\/image-2.png\" class=\"attachment-large size-large wp-image-140\" alt=\"\" \/>\t\t\t\t\t\t\t\t\t\t\t\t\t\t\t<\/div>\n\t\t\t\t<\/div>\n\t\t\t\t\t<\/div>\n\t\t\t\t<\/div>\n\t\t\t\t<\/div>\n\t\t","protected":false},"excerpt":{"rendered":"<p>Precis\u00e3o que transforma a silvicultura. Monitoramento inteligente de mudas com vis\u00e3o computacional e IA. Quero saber mais https:\/\/youtu.be\/YbI50EVRAV4?si=NjE95AYsiZUx7eyO Quero saber mais Sobre o Produto O SilviScan \u00e9 um sistema inovador desenvolvido para transformar o monitoramento florestal em decis\u00f5es r\u00e1pidas, precisas e estrat\u00e9gicas. Por meio da an\u00e1lise de imagens a\u00e9reas, a solu\u00e7\u00e3o identifica automaticamente a situa\u00e7\u00e3o [&hellip;]<\/p>\n","protected":false},"author":1,"featured_media":0,"parent":0,"menu_order":0,"comment_status":"closed","ping_status":"closed","template":"elementor_header_footer","meta":{"footnotes":""},"class_list":["post-9","page","type-page","status-publish","hentry"],"_links":{"self":[{"href":"https:\/\/silviscan.com.br\/index.php\/wp-json\/wp\/v2\/pages\/9","targetHints":{"allow":["GET"]}}],"collection":[{"href":"https:\/\/silviscan.com.br\/index.php\/wp-json\/wp\/v2\/pages"}],"about":[{"href":"https:\/\/silviscan.com.br\/index.php\/wp-json\/wp\/v2\/types\/page"}],"author":[{"embeddable":true,"href":"https:\/\/silviscan.com.br\/index.php\/wp-json\/wp\/v2\/users\/1"}],"replies":[{"embeddable":true,"href":"https:\/\/silviscan.com.br\/index.php\/wp-json\/wp\/v2\/comments?post=9"}],"version-history":[{"count":107,"href":"https:\/\/silviscan.com.br\/index.php\/wp-json\/wp\/v2\/pages\/9\/revisions"}],"predecessor-version":[{"id":190,"href":"https:\/\/silviscan.com.br\/index.php\/wp-json\/wp\/v2\/pages\/9\/revisions\/190"}],"wp:attachment":[{"href":"https:\/\/silviscan.com.br\/index.php\/wp-json\/wp\/v2\/media?parent=9"}],"curies":[{"name":"wp","href":"https:\/\/api.w.org\/{rel}","templated":true}]}}